{"id":137270,"date":"2018-08-15T08:03:26","date_gmt":"2018-08-15T08:03:26","guid":{"rendered":"http:\/\/localhost\/wordpress\/?page_id=137270"},"modified":"2025-06-08T21:26:03","modified_gmt":"2025-06-08T20:26:03","slug":"liaison-offices","status":"publish","type":"page","link":"https:\/\/gouni.edu.ng\/new\/liaison-offices\/","title":{"rendered":"Liaison Offices"},"content":{"rendered":"<p>[vc_row][vc_column][vc_column_text]<strong>LIAISON OFFICES\/COLLABORATIONS<\/strong><\/p>\n<p style=\"font-weight: 400;\">The university established a foreign liaison office in Germany under the headship of a German, Ms. Meggy Kantert MAS. This office coordinates our relationships with our foreign partner universities as well as international fundraising campaigns, scholarship programmes and staff and student exchange. This arrangement has helped us to get a strong footing in Europe and America.<\/p>\n<p><img decoding=\"async\" class=\"alignright wp-image-147357 \" src=\"https:\/\/gouni.edu.ng\/new\/wp-content\/uploads\/2025\/06\/Passfoto-e1596617405381.jpg\" alt=\"\" width=\"234\" height=\"312\" srcset=\"https:\/\/gouni.edu.ng\/new\/wp-content\/uploads\/2025\/06\/Passfoto-e1596617405381.jpg 768w, https:\/\/gouni.edu.ng\/new\/wp-content\/uploads\/2025\/06\/Passfoto-e1596617405381-255x340.jpg 255w\" sizes=\"(max-width: 234px) 100vw, 234px\" \/><\/p>\n<p style=\"font-weight: 400;\">Our foreign partner universities and institutions include:<\/p>\n<p style=\"font-weight: 400;\">1\u00a0\u00a0\u00a0\u00a0\u00a0\u00a0\u00a0\u00a0\u00a0\u00a0\u00a0\u00a0 Leopold-Franzens Universit\u00e4t, Innsbruck (Austria)<\/p>\n<p style=\"font-weight: 400;\">2\u00a0\u00a0\u00a0\u00a0\u00a0\u00a0\u00a0\u00a0\u00a0\u00a0\u00a0\u00a0 Medizinische Universit\u00e4t, Innsbruck (Austria)<\/p>\n<p style=\"font-weight: 400;\">3\u00a0\u00a0\u00a0\u00a0\u00a0\u00a0\u00a0\u00a0\u00a0\u00a0\u00a0\u00a0 Private P\u00e4dagogische Hochschule, Di\u00f6zese Linz (Austria)<\/p>\n<p style=\"font-weight: 400;\">4\u00a0\u00a0\u00a0\u00a0\u00a0\u00a0\u00a0\u00a0\u00a0\u00a0\u00a0\u00a0 Johannes Kepler Universit\u00e4t, Linz (Austria)<\/p>\n<p style=\"font-weight: 400;\">5\u00a0\u00a0\u00a0\u00a0\u00a0\u00a0\u00a0\u00a0\u00a0\u00a0\u00a0\u00a0 Birmingham City Universit\u00e4t (UK)<\/p>\n<p style=\"font-weight: 400;\">6\u00a0\u00a0\u00a0\u00a0\u00a0\u00a0\u00a0\u00a0\u00a0\u00a0\u00a0\u00a0 Westf\u00e4lische Wilhelms Universit\u00e4t M\u00fcnster (Germany)<\/p>\n<p style=\"font-weight: 400;\">7\u00a0\u00a0\u00a0\u00a0\u00a0\u00a0\u00a0\u00a0\u00a0\u00a0\u00a0\u00a0 Universit\u00e4t f\u00fcr Angewandte Wissenschaften, TH K\u00f6ln (Germany)<\/p>\n<p style=\"font-weight: 400;\">8\u00a0\u00a0\u00a0\u00a0\u00a0\u00a0\u00a0\u00a0\u00a0\u00a0\u00a0\u00a0 Gustav-Siewerth-Akademie (Germany)<\/p>\n<p style=\"font-weight: 400;\">9\u00a0\u00a0\u00a0\u00a0\u00a0\u00a0\u00a0\u00a0\u00a0\u00a0\u00a0\u00a0 Cold Spring Harbor Laboratory, New York (USA)<\/p>\n<p style=\"font-weight: 400;\">10\u00a0\u00a0\u00a0\u00a0\u00a0\u00a0\u00a0\u00a0\u00a0 Bowie State University, Maryland (USA)<\/p>\n<p style=\"font-weight: 400;\">11\u00a0\u00a0\u00a0\u00a0\u00a0\u00a0\u00a0\u00a0\u00a0 Institut f\u00fcr Anglistik, Amerikanistik und Keltologie, Bonn (Germany)<\/p>\n<p style=\"font-weight: 400;\">12\u00a0\u00a0\u00a0\u00a0\u00a0\u00a0\u00a0\u00a0\u00a0 University of Stellenbosch Business School (South Africa)<\/p>\n<p style=\"font-weight: 400;\">13\u00a0\u00a0\u00a0\u00a0\u00a0\u00a0\u00a0\u00a0\u00a0 Pontifical Lateran University, Rome (Italy)<\/p>\n<p style=\"font-weight: 400;\">14\u00a0\u00a0\u00a0\u00a0\u00a0\u00a0\u00a0\u00a0\u00a0\u00a0<a href=\"http:\/\/globethics.net\/\" data-saferedirecturl=\"https:\/\/www.google.com\/url?q=http:\/\/globethics.net&amp;source=gmail&amp;ust=1596703269612000&amp;usg=AFQjCNEAl5NgmiURYct-zfhN1vdvriSU6Q\">globethics.net<\/a>, Geneva (Switzerland)<\/p>\n<p style=\"font-weight: 400;\">15\u00a0\u00a0\u00a0\u00a0\u00a0\u00a0\u00a0\u00a0\u00a0 UNESCO (Paris)<\/p>\n<p style=\"font-weight: 400;\">16\u00a0\u00a0\u00a0\u00a0\u00a0\u00a0\u00a0\u00a0\u00a0 Leuphana University (Germany)<\/p>\n<p style=\"font-weight: 400;\">17\u00a0\u00a0\u00a0\u00a0\u00a0\u00a0\u00a0\u00a0\u00a0 BASF (Germany)<\/p>\n<p style=\"font-weight: 400;\">18\u00a0\u00a0\u00a0\u00a0\u00a0\u00a0\u00a0\u00a0\u00a0 Rotary Club (Landshut, Germany)<\/p>\n<p style=\"font-weight: 400;\">19\u00a0\u00a0\u00a0\u00a0\u00a0\u00a0\u00a0\u00a0\u00a0 africa uninet (Vienna, Austria)<\/p>\n<p style=\"font-weight: 400;\">20\u00a0\u00a0\u00a0\u00a0\u00a0\u00a0\u00a0\u00a0\u00a0 University of Bayreuth (Bayreuth, Germany)<\/p>\n<p><strong>Abuja Liaison Office \u2013 Chiadikaobi Mbah<\/strong><\/p>\n<p>22, Ikenwachukwu Street<\/p>\n<p>Trade Moore Estate, Lugbe, Abuja FCT<\/p>\n<p>gouliaisonabj@gmail.com<\/p>\n<p>08239662986, 07067140110<\/p>\n<p><strong>Lagos Liaison Office \u2013 Eziekwu Ebere<\/strong><\/p>\n<p>2, Clem Ohia Street<\/p>\n<p>Ikeja Lagos<\/p>\n<p>Ebere.anieke2@gmail.com<\/p>\n<p>08035428120<\/p>\n<p><strong>ADMISSIONS OFFICE CONTACT<\/strong><\/p>\n<p>Email: admissions@gouni.edu.ng<br \/>\nNUMBERS TO CALL FOR ADMISSIONS: 08145137869, 08182945887,<br \/>\n09134273215[\/vc_column_text][\/vc_column][\/vc_row]<\/p>\n","protected":false},"excerpt":{"rendered":"<p>[vc_row][vc_column][vc_column_text]LIAISON OFFICES\/COLLABORATIONS The university established a foreign liaison office in Germany under the headship of a German, Ms. Meggy Kantert MAS. This office coordinates our relationships with our foreign partner universities as well as international fundraising campaigns, scholarship programmes and staff and student exchange. This arrangement has helped us to get a strong footing in [&hellip;]<\/p>\n","protected":false},"author":1,"featured_media":0,"parent":0,"menu_order":0,"comment_status":"closed","ping_status":"closed","template":"","meta":{"footnotes":""},"class_list":["post-137270","page","type-page","status-publish","hentry"],"_links":{"self":[{"href":"https:\/\/gouni.edu.ng\/new\/wp-json\/wp\/v2\/pages\/137270","targetHints":{"allow":["GET"]}}],"collection":[{"href":"https:\/\/gouni.edu.ng\/new\/wp-json\/wp\/v2\/pages"}],"about":[{"href":"https:\/\/gouni.edu.ng\/new\/wp-json\/wp\/v2\/types\/page"}],"author":[{"embeddable":true,"href":"https:\/\/gouni.edu.ng\/new\/wp-json\/wp\/v2\/users\/1"}],"replies":[{"embeddable":true,"href":"https:\/\/gouni.edu.ng\/new\/wp-json\/wp\/v2\/comments?post=137270"}],"version-history":[{"count":0,"href":"https:\/\/gouni.edu.ng\/new\/wp-json\/wp\/v2\/pages\/137270\/revisions"}],"wp:attachment":[{"href":"https:\/\/gouni.edu.ng\/new\/wp-json\/wp\/v2\/media?parent=137270"}],"curies":[{"name":"wp","href":"https:\/\/api.w.org\/{rel}","templated":true}]}}