{"id":137297,"date":"2018-08-15T08:30:14","date_gmt":"2018-08-15T08:30:14","guid":{"rendered":"http:\/\/localhost\/wordpress\/?page_id=137297"},"modified":"2025-05-21T01:40:01","modified_gmt":"2025-05-21T00:40:01","slug":"international","status":"publish","type":"page","link":"https:\/\/gouni.edu.ng\/new\/international\/","title":{"rendered":"Godfrey Okoye University Institutional Collaborations and Erasmus Programme"},"content":{"rendered":"<p>[vc_row][vc_column][vc_column_text]<\/p>\n<ul class=\"nav nav-tabs\">\n<li class=\"active\"><a href=\"#home\" data-toggle=\"tab\">International<\/a><\/li>\n<li><a href=\"#menu1\" data-toggle=\"tab\">Erasmus Programme<\/a><\/li>\n<li><a href=\"#menu2\" data-toggle=\"tab\">News und Aktivit\u00e4ten<\/a><\/li>\n<li><a href=\"#menu3\" data-toggle=\"tab\">CoPS<\/a><\/li>\n<\/ul>\n<div class=\"tab-content\">\n<div id=\"home\" class=\"tab-pane fade in active\">\n<h2>International &amp; Local<\/h2>\n<p>International Partner Universities and Institutions of Godfrey Okoye University<\/p>\n<div class=\"table-responsive\">\n<p><img decoding=\"async\" class=\"alignright size-full wp-image-140515\" src=\"https:\/\/gouni.edu.ng\/new\/wp-content\/uploads\/2014\/10\/International2.jpg\" alt=\"\" width=\"960\" height=\"720\" \/><\/p>\n<table class=\"table\">\n<thead>\n<tr>\n<th>#<\/th>\n<th>Our International Partners<\/th>\n<th style=\"text-align: right;\">Website<\/th>\n<\/tr>\n<\/thead>\n<tbody>\n<tr>\n<td>1<\/td>\n<td>Leopold-Franzens Universit\u00e4t, Innsbruck (Austria)<\/td>\n<td><a href=\"https:\/\/www.uibk.ac.at\/index.html.en\"><img decoding=\"async\" class=\"alignright size-full wp-image-137935\" src=\"https:\/\/gouni.edu.ng\/new\/wp-content\/uploads\/2014\/10\/Leopold-Franzens-Universitat-Innsbruck.jpg\" alt=\"\" width=\"210\" height=\"83\" \/><\/a><\/td>\n<\/tr>\n<tr>\n<td>2<\/td>\n<td>Medizinische Universit\u00e4t, Innsbruck (Austria)<\/td>\n<td><a href=\"https:\/\/www.i-med.ac.at\/mypoint\/\"><img decoding=\"async\" class=\"alignright size-full wp-image-137937\" src=\"https:\/\/gouni.edu.ng\/new\/wp-content\/uploads\/2014\/10\/medizin.png\" alt=\"\" width=\"176\" height=\"157\" \/><\/a><\/td>\n<\/tr>\n<tr>\n<td>3<\/td>\n<td>Private P\u00e4dagogische Hochschule, Di\u00f6zese Linz (Austria)<\/td>\n<td><a href=\"https:\/\/www.phdl.at\/\"><img decoding=\"async\" class=\"alignright size-full wp-image-137939\" src=\"https:\/\/gouni.edu.ng\/new\/wp-content\/uploads\/2014\/10\/diozese-linz.png\" alt=\"\" width=\"357\" height=\"76\" \/><\/a><\/td>\n<\/tr>\n<tr>\n<td>4<\/td>\n<td>Johannes Kepler Universit\u00e4t, Linz (Austria)<\/td>\n<td><a href=\"https:\/\/www.jku.at\/\"><img decoding=\"async\" class=\"alignright size-full wp-image-137941\" src=\"https:\/\/gouni.edu.ng\/new\/wp-content\/uploads\/2014\/10\/kepler-linz.png\" alt=\"\" width=\"192\" height=\"102\" \/><\/a><\/td>\n<\/tr>\n<tr>\n<td>5<\/td>\n<td>Birmingham City Universit\u00e4t (UK)<\/td>\n<td><a href=\"https:\/\/www.bcu.ac.uk\/\"><img decoding=\"async\" class=\"alignright size-full wp-image-137942\" src=\"https:\/\/gouni.edu.ng\/new\/wp-content\/uploads\/2014\/10\/birmingham-city.png\" alt=\"\" width=\"274\" height=\"57\" \/><\/a><\/td>\n<\/tr>\n<tr>\n<td>6<\/td>\n<td>Westf\u00e4lische Wilhelms Universit\u00e4t M\u00fcnster (Germany)<\/td>\n<td><a href=\"https:\/\/www.uni-muenster.de\/en\/\"><img decoding=\"async\" class=\"alignright size-full wp-image-137943\" src=\"https:\/\/gouni.edu.ng\/new\/wp-content\/uploads\/2014\/10\/wwu-munster.png\" alt=\"\" width=\"299\" height=\"98\" \/><\/a><\/td>\n<\/tr>\n<tr>\n<td>7<\/td>\n<td>Universit\u00e4t f\u00fcr Angewandte Wissenschaften, TH K\u00f6ln (Germany)<\/td>\n<td><a href=\"https:\/\/www.th-koeln.de\/\"><img decoding=\"async\" class=\"alignright size-full wp-image-137944\" src=\"https:\/\/gouni.edu.ng\/new\/wp-content\/uploads\/2014\/10\/TH-koln.png\" alt=\"\" width=\"174\" height=\"101\" \/><\/a><\/td>\n<\/tr>\n<tr>\n<td>8<\/td>\n<td>Gustav-Siewerth-Akademie (Germany)<\/td>\n<td><a href=\"http:\/\/www.siewerth-akademie.de\/cms\/\"><img decoding=\"async\" class=\"alignright size-full wp-image-137945\" src=\"https:\/\/gouni.edu.ng\/new\/wp-content\/uploads\/2014\/10\/gustav.png\" alt=\"\" width=\"164\" height=\"156\" \/><\/a><\/td>\n<\/tr>\n<tr>\n<td>9<\/td>\n<td>Cold Spring Harbor Laboratory, New York (USA)<\/td>\n<td><a href=\"https:\/\/www.cshl.edu\/\"><img decoding=\"async\" class=\"alignright size-full wp-image-137946\" src=\"https:\/\/gouni.edu.ng\/new\/wp-content\/uploads\/2014\/10\/csh.png\" alt=\"\" width=\"251\" height=\"57\" \/><\/a><\/td>\n<\/tr>\n<tr>\n<td>10<\/td>\n<td>Bowie State University, Maryland (USA)<\/td>\n<td><a href=\"https:\/\/www.bowiestate.edu\/\"><img decoding=\"async\" class=\"alignright size-full wp-image-137948\" src=\"https:\/\/gouni.edu.ng\/new\/wp-content\/uploads\/2014\/10\/bowie.png\" alt=\"\" width=\"175\" height=\"138\" \/><\/a><\/td>\n<\/tr>\n<tr>\n<td>11<\/td>\n<td>Institut f\u00fcr Anglistik, Amerikanistik und Keltologie, Bonn (Germany)<\/td>\n<td><a href=\"https:\/\/www.iaak.uni-bonn.de\/de\"><img decoding=\"async\" class=\"alignright size-full wp-image-137950\" src=\"https:\/\/gouni.edu.ng\/new\/wp-content\/uploads\/2014\/10\/bonn.png\" alt=\"\" width=\"335\" height=\"85\" \/><\/a><\/td>\n<\/tr>\n<tr>\n<td>12<\/td>\n<td>University of Stellenbosch Business School (South Africa)<\/td>\n<td><a href=\"https:\/\/www.usb.ac.za\/\"><img decoding=\"async\" class=\"alignright size-full wp-image-137951\" src=\"https:\/\/gouni.edu.ng\/new\/new\/wp-content\/uploads\/2018\/11\/usb.png\" alt=\"\" width=\"195\" height=\"94\" \/><\/a><\/td>\n<\/tr>\n<tr>\n<td>13<\/td>\n<td>Pontifical Lateran University, Rome (Italy)<\/td>\n<td><a href=\"https:\/\/www.pul.it\/en\/\"><img decoding=\"async\" class=\"alignright size-full wp-image-137952\" src=\"https:\/\/gouni.edu.ng\/new\/new\/wp-content\/uploads\/2018\/11\/pul.png\" alt=\"\" width=\"300\" height=\"38\" srcset=\"https:\/\/gouni.edu.ng\/new\/wp-content\/uploads\/2018\/11\/pul.png 300w, https:\/\/gouni.edu.ng\/new\/wp-content\/uploads\/2018\/11\/pul-255x32.png 255w\" sizes=\"(max-width: 300px) 100vw, 300px\" \/><\/a><\/td>\n<\/tr>\n<tr>\n<td>14<\/td>\n<td>globethics.net, Geneva (Switzerland)<\/td>\n<td><a href=\"https:\/\/www.globethics.net\/\"><img decoding=\"async\" class=\"alignright size-full wp-image-137954\" src=\"https:\/\/gouni.edu.ng\/new\/new\/wp-content\/uploads\/2018\/11\/gethics.png\" alt=\"\" width=\"188\" height=\"58\" \/><\/a><\/td>\n<\/tr>\n<tr>\n<td>15<\/td>\n<td>UNESCO (Paris)<\/td>\n<td><a href=\"https:\/\/en.unesco.org\/\"><img decoding=\"async\" class=\"alignright size-full wp-image-137968\" src=\"https:\/\/gouni.edu.ng\/new\/new\/wp-content\/uploads\/2018\/12\/unesco_logo_bw_en.png\" alt=\"\" width=\"220\" height=\"169\" \/><\/a><\/td>\n<\/tr>\n<tr>\n<td>16<\/td>\n<td>Leuphana Universit\u00e4t (Germany)<\/td>\n<td><a href=\"https:\/\/www.leuphana.de\/en\/home.html\"><img decoding=\"async\" class=\"alignright size-full wp-image-137956\" src=\"https:\/\/gouni.edu.ng\/new\/new\/wp-content\/uploads\/2018\/11\/leuphana.png\" alt=\"\" width=\"224\" height=\"79\" \/><\/a><\/td>\n<\/tr>\n<tr>\n<td>17<\/td>\n<td>BASF (Germany)<\/td>\n<td><a href=\"https:\/\/www.basf.com\/de\/en.html\"><img decoding=\"async\" class=\"alignright size-full wp-image-137957\" src=\"https:\/\/gouni.edu.ng\/new\/new\/wp-content\/uploads\/2018\/11\/basf.png\" alt=\"\" width=\"165\" height=\"79\" \/><\/a><\/td>\n<\/tr>\n<tr>\n<td>18<\/td>\n<td>Rotary Club (Landshut, Germany)<\/td>\n<td><a href=\"https:\/\/landshut-trausnitz.rotary.de\/\"><img decoding=\"async\" class=\"alignright size-full wp-image-137958\" src=\"https:\/\/gouni.edu.ng\/new\/new\/wp-content\/uploads\/2018\/11\/rotary.png\" alt=\"\" width=\"267\" height=\"90\" srcset=\"https:\/\/gouni.edu.ng\/new\/wp-content\/uploads\/2018\/11\/rotary.png 267w, https:\/\/gouni.edu.ng\/new\/wp-content\/uploads\/2018\/11\/rotary-263x90.png 263w, https:\/\/gouni.edu.ng\/new\/wp-content\/uploads\/2018\/11\/rotary-255x86.png 255w\" sizes=\"(max-width: 267px) 100vw, 267px\" \/><\/a><\/td>\n<\/tr>\n<tr>\n<td>19<\/td>\n<td>AFRICA UNINET<\/td>\n<td><a href=\"https:\/\/africa-uninet.at\/\"><img decoding=\"async\" class=\"alignright size-full wp-image-137958\" src=\"https:\/\/gouni.edu.ng\/new\/new\/wp-content\/uploads\/2020\/07\/africa-uninet.jpg\" alt=\"\" width=\"228\" height=\"134\" \/><\/a><\/td>\n<\/tr>\n<tr>\n<td>20<\/td>\n<td>UNIVERSITY OF BAYREUTH<\/td>\n<td><a href=\"https:\/\/www.uni-bayreuth.de\/en\/\"><img decoding=\"async\" class=\"alignright size-full wp-image-137958\" src=\"https:\/\/gouni.edu.ng\/new\/new\/wp-content\/uploads\/2020\/07\/logo_universitaet_bayreuth.png\" alt=\"\" width=\"221\" height=\"68\" \/><\/a><\/td>\n<\/tr>\n<\/tbody>\n<\/table>\n<\/div>\n<p><b>National<\/b><\/p>\n<div class=\"table-responsive\">\n<table class=\"table\">\n<thead>\n<tr>\n<th>#<\/th>\n<th>Our National Partners<\/th>\n<th style=\"text-align: right;\">\u00a0Website<\/th>\n<\/tr>\n<\/thead>\n<tbody>\n<tr>\n<td>1<\/td>\n<td>IECE &#8211; Institute of Ecumenical Education, Enugu (Nigeria)<\/td>\n<td><a href=\"http:\/\/ieceenugu.com\"><img decoding=\"async\" class=\"alignright size-full wp-image-137960\" src=\"https:\/\/gouni.edu.ng\/new\/new\/wp-content\/uploads\/2018\/11\/iece.png\" alt=\"\" width=\"124\" height=\"143\" \/><\/a><\/td>\n<\/tr>\n<tr>\n<td>2<\/td>\n<td>CIDJAP<\/td>\n<td><a href=\"http:\/\/www.cidjap.org\/\"><img decoding=\"async\" class=\"alignright size-full wp-image-137961\" src=\"https:\/\/gouni.edu.ng\/new\/new\/wp-content\/uploads\/2018\/11\/cidjap.png\" alt=\"\" width=\"123\" height=\"141\" \/><\/a><\/td>\n<\/tr>\n<tr>\n<td>3<\/td>\n<td>University of Nigeria, Nsukka (Nigeria)<\/td>\n<td><a href=\"http:\/\/www.unn.edu.ng\/\"><img decoding=\"async\" class=\"alignright size-full wp-image-137962\" src=\"https:\/\/gouni.edu.ng\/new\/new\/wp-content\/uploads\/2018\/11\/unn.png\" alt=\"\" width=\"344\" height=\"76\" srcset=\"https:\/\/gouni.edu.ng\/new\/wp-content\/uploads\/2018\/11\/unn.png 344w, https:\/\/gouni.edu.ng\/new\/wp-content\/uploads\/2018\/11\/unn-300x66.png 300w, https:\/\/gouni.edu.ng\/new\/wp-content\/uploads\/2018\/11\/unn-255x56.png 255w\" sizes=\"(max-width: 344px) 100vw, 344px\" \/><\/a><\/td>\n<\/tr>\n<tr>\n<td><\/td>\n<td><\/td>\n<td><\/td>\n<\/tr>\n<\/tbody>\n<\/table>\n<\/div>\n<\/div>\n<div id=\"menu1\" class=\"tab-pane fade\">\n<h3>Erasmus Programme<\/h3>\n<p>Godfrey Okoye University has consistently pursued collaborations with universities all over the world. Our students do exchange programmes in our partner universities like Kepler University in Austria, Bowie State University in the USA, Cold Spring Habor Laboratory in the USA, \u00a0Technical University, Cologne in Germany, Birmingham City University in the United Kingdom \u00a0and University College of Education, Linz in Austria. We also \u00a0participate in the Erasmus Programme with both Technical University Cologne and University College of Education Linz, which is fully funded. Four of our students are studying under the Erasmus \u00a0Programme at the Technical University Cologne at the moment. Furthermore, \u00a0some of our lecturers and students will be at the University College of Education this year under the Erasmus Programme involving our university and the University College of Education, Linz. Also Godfrey Okoye University \u00a0is in collaboration with many Austrian and African universities under the Africa-UniNet \u00a0programme. Our vice chancellor is currently a Board Member of the six-member Board of Africa-UniNet.<br \/>\n<img decoding=\"async\" class=\"aligncenter size-full wp-image-140510\" src=\"https:\/\/gouni.edu.ng\/new\/new\/wp-content\/uploads\/2020\/07\/gouni-students.jpg\" alt=\"\" width=\"640\" height=\"480\" srcset=\"https:\/\/gouni.edu.ng\/new\/wp-content\/uploads\/2020\/07\/gouni-students.jpg 640w, https:\/\/gouni.edu.ng\/new\/wp-content\/uploads\/2020\/07\/gouni-students-255x191.jpg 255w\" sizes=\"(max-width: 640px) 100vw, 640px\" \/><\/p>\n<\/div>\n<div id=\"menu2\" class=\"tab-pane fade\">\n<h3>News und Aktivit\u00e4ten<\/h3>\n<p>Hilfe zur Selbsthilfe&#8221; hie\u00df es im April 2013 in Sierning, als Prof. Anieke seinen informativen und kurzweiligen Vortrag \u00fcber die Universit\u00e4t und deren Ziele hielt. Begleitet wurden die Erl\u00e4uterungen durch Bilder aus Nigeria, dem Campus der Universit\u00e4t, der Schule und der Farm. Anschlie\u00dfend wurde nach guter nigerianischer Tradition eine Torte angeschnitten und gemeinsam verspeist. Der Vortrag kann nachgelesen werden unter:<a href=\"\/themes\/gou_theme\/download\/ProfAnieke_Speech.pdf\">Prof. Anieke Speech<\/a><\/p>\n<p>\u00dcber die GO Universit\u00e4t<br \/>\nDie Godfrey Okoye University ist eine private Universit\u00e4t im Bundesstaat Enugu von Nigeria. Sie wurde 2008 von Prof. Christian Anieke gegr\u00fcndet und ist verbunden mit dem Bistum Enugu. Am 3. November 2009 wurde sie durch die Nationale Universit\u00e4tskommission Nigerias (NUC) akkreditiert. Die Philosophie der Godfrey Okoye Universit\u00e4t basiert auf der Natur des Menschen als ein soziales und den Dialog suchendes Wesen. Somit versteht die Universit\u00e4t Bildung als dialogischen Prozess zur Aneignung und Weitergabe von Wissen. Zur Vision der GOU geh\u00f6ren Absolventen mit au\u00dferordentlichem Lernverm\u00f6gen, ausgeglichenem Charakter und einer Pers\u00f6nlichkeit, die konsequent erkenntnistheoretische Einheit anstrebt. Die Ziele der Universit\u00e4t sind angelehnt an ihre Philosophie: qualitativ hochwertige Wissensvermittlung zur Pers\u00f6nlichkeitsbildung der Studenten, die einen religi\u00f6sen, kulturellen und erkenntnistheoretischen Dialog f\u00f6rdert.<img decoding=\"async\" class=\"alignnone wp-image-142222\" src=\"https:\/\/gouni.edu.ng\/new\/wp-content\/uploads\/2022\/07\/3.jpg\" alt=\"\" width=\"387\" height=\"299\" \/><img decoding=\"async\" class=\"alignnone wp-image-142223\" src=\"https:\/\/gouni.edu.ng\/new\/wp-content\/uploads\/2022\/07\/4.jpg\" alt=\"\" width=\"406\" height=\"287\" srcset=\"https:\/\/gouni.edu.ng\/new\/wp-content\/uploads\/2022\/07\/4.jpg 1596w, https:\/\/gouni.edu.ng\/new\/wp-content\/uploads\/2022\/07\/4-768x543.jpg 768w, https:\/\/gouni.edu.ng\/new\/wp-content\/uploads\/2022\/07\/4-1536x1086.jpg 1536w, https:\/\/gouni.edu.ng\/new\/wp-content\/uploads\/2022\/07\/4-255x180.jpg 255w\" sizes=\"(max-width: 406px) 100vw, 406px\" \/><\/p>\n<\/div>\n<\/div>\n<p>[\/vc_column_text][\/vc_column][\/vc_row][vc_row][vc_column][\/vc_column][\/vc_row]<\/p>\n","protected":false},"excerpt":{"rendered":"<p>[vc_row][vc_column][vc_column_text] International Erasmus Programme News und Aktivit\u00e4ten CoPS International &amp; Local International Partner Universities and Institutions of Godfrey Okoye University # Our International Partners Website 1 Leopold-Franzens Universit\u00e4t, Innsbruck (Austria) 2 Medizinische Universit\u00e4t, Innsbruck (Austria) 3 Private P\u00e4dagogische Hochschule, Di\u00f6zese Linz (Austria) 4 Johannes Kepler Universit\u00e4t, Linz (Austria) 5 Birmingham City Universit\u00e4t (UK) 6 Westf\u00e4lische [&hellip;]<\/p>\n","protected":false},"author":1,"featured_media":0,"parent":0,"menu_order":0,"comment_status":"closed","ping_status":"closed","template":"","meta":{"footnotes":""},"class_list":["post-137297","page","type-page","status-publish","hentry"],"_links":{"self":[{"href":"https:\/\/gouni.edu.ng\/new\/wp-json\/wp\/v2\/pages\/137297","targetHints":{"allow":["GET"]}}],"collection":[{"href":"https:\/\/gouni.edu.ng\/new\/wp-json\/wp\/v2\/pages"}],"about":[{"href":"https:\/\/gouni.edu.ng\/new\/wp-json\/wp\/v2\/types\/page"}],"author":[{"embeddable":true,"href":"https:\/\/gouni.edu.ng\/new\/wp-json\/wp\/v2\/users\/1"}],"replies":[{"embeddable":true,"href":"https:\/\/gouni.edu.ng\/new\/wp-json\/wp\/v2\/comments?post=137297"}],"version-history":[{"count":0,"href":"https:\/\/gouni.edu.ng\/new\/wp-json\/wp\/v2\/pages\/137297\/revisions"}],"wp:attachment":[{"href":"https:\/\/gouni.edu.ng\/new\/wp-json\/wp\/v2\/media?parent=137297"}],"curies":[{"name":"wp","href":"https:\/\/api.w.org\/{rel}","templated":true}]}}